{"id":24735,"date":"2022-05-21T10:58:10","date_gmt":"2022-05-21T13:58:10","guid":{"rendered":"https:\/\/parway.com.py\/cargo\/?page_id=24735"},"modified":"2023-06-06T18:43:27","modified_gmt":"2023-06-06T21:43:27","slug":"envio-aereo","status":"publish","type":"page","link":"https:\/\/parway.com.py\/cargo\/envio-aereo\/","title":{"rendered":"ENVIO AEREO"},"content":{"rendered":"<h6><img fetchpriority=\"high\" decoding=\"async\" class=\"aligncenter wp-image-25614 size-full\" src=\"https:\/\/parway.com.py\/cargo\/wp-content\/uploads\/2023\/06\/Envio-Aereo-2.png\" alt=\"\" width=\"1200\" height=\"480\" \/><\/h6>\n<h6><\/h6>\n<p>Con Parway , puedes hacer tus env\u00edos a\u00e9reos de forma r\u00e1pida y segura.<br \/>\nTe brindamos las mejores soluciones que se adaptan a todas tus necesidades incluso las m\u00e1s demandantes.<br \/>\nAdem\u00e1s con nosotros puedes hacer tus env\u00edos en varias partes del mundo como en USA , Espa\u00f1a, y China.<\/p>\n<ul>\n<li>Cargas personales y comerciales.<\/li>\n<li>Servicio de carga de urgencia.<\/li>\n<li>Cargas en contenedores y carga suelta (consolidada).<\/li>\n<li>Servicios internos de env\u00edos y retiros en USA.<\/li>\n<li>Cargas sin l\u00edmite de tama\u00f1o o peso.<\/li>\n<li>Importaci\u00f3n y Exportaci\u00f3n.<\/li>\n<\/ul>\n<h4>Pa\u00edses habilitados:<\/h4>\n<p style=\"text-align: left;\"><img decoding=\"async\" class=\"wp-image-25627 alignleft\" src=\"https:\/\/parway.com.py\/cargo\/wp-content\/uploads\/2023\/06\/pngegg-300x300.png\" alt=\"\" width=\"45\" height=\"45\" srcset=\"https:\/\/parway.com.py\/cargo\/wp-content\/uploads\/2023\/06\/pngegg-300x300.png 300w, https:\/\/parway.com.py\/cargo\/wp-content\/uploads\/2023\/06\/pngegg-150x150.png 150w, https:\/\/parway.com.py\/cargo\/wp-content\/uploads\/2023\/06\/pngegg-768x768.png 768w, https:\/\/parway.com.py\/cargo\/wp-content\/uploads\/2023\/06\/pngegg-370x370.png 370w, https:\/\/parway.com.py\/cargo\/wp-content\/uploads\/2023\/06\/pngegg-120x120.png 120w, https:\/\/parway.com.py\/cargo\/wp-content\/uploads\/2023\/06\/pngegg-410x410.png 410w, https:\/\/parway.com.py\/cargo\/wp-content\/uploads\/2023\/06\/pngegg.png 800w\" sizes=\"(max-width: 45px) 100vw, 45px\" \/> <strong>ESTADOS UNIDOS<br \/>\n&#8211; Frecuencia de Salida: 2 vuelos semanales<br \/>\n&#8211; Tr\u00e1nsito: 4 a 5 d\u00edas.<\/strong><\/p>\n<p style=\"text-align: left;\"><img decoding=\"async\" class=\"wp-image-25628 alignleft\" src=\"https:\/\/parway.com.py\/cargo\/wp-content\/uploads\/2023\/06\/pngegg-1-300x297.png\" alt=\"\" width=\"50\" height=\"49\" srcset=\"https:\/\/parway.com.py\/cargo\/wp-content\/uploads\/2023\/06\/pngegg-1-300x297.png 300w, https:\/\/parway.com.py\/cargo\/wp-content\/uploads\/2023\/06\/pngegg-1-150x150.png 150w, https:\/\/parway.com.py\/cargo\/wp-content\/uploads\/2023\/06\/pngegg-1-370x370.png 370w, https:\/\/parway.com.py\/cargo\/wp-content\/uploads\/2023\/06\/pngegg-1-120x120.png 120w, https:\/\/parway.com.py\/cargo\/wp-content\/uploads\/2023\/06\/pngegg-1-410x406.png 410w, https:\/\/parway.com.py\/cargo\/wp-content\/uploads\/2023\/06\/pngegg-1.png 659w\" sizes=\"(max-width: 50px) 100vw, 50px\" \/><b>CHINA<\/b><br \/>\n<b>&#8211; Frecuencia de salida: Sujeto a variaci\u00f3n.<\/b><\/p>\n<p style=\"text-align: left;\"><img loading=\"lazy\" decoding=\"async\" class=\"wp-image-25629 alignleft\" src=\"https:\/\/parway.com.py\/cargo\/wp-content\/uploads\/2023\/06\/pngegg-2-300x300.png\" alt=\"\" width=\"54\" height=\"54\" srcset=\"https:\/\/parway.com.py\/cargo\/wp-content\/uploads\/2023\/06\/pngegg-2-300x300.png 300w, https:\/\/parway.com.py\/cargo\/wp-content\/uploads\/2023\/06\/pngegg-2-1024x1024.png 1024w, https:\/\/parway.com.py\/cargo\/wp-content\/uploads\/2023\/06\/pngegg-2-150x150.png 150w, https:\/\/parway.com.py\/cargo\/wp-content\/uploads\/2023\/06\/pngegg-2-768x768.png 768w, https:\/\/parway.com.py\/cargo\/wp-content\/uploads\/2023\/06\/pngegg-2-1536x1536.png 1536w, https:\/\/parway.com.py\/cargo\/wp-content\/uploads\/2023\/06\/pngegg-2-370x370.png 370w, https:\/\/parway.com.py\/cargo\/wp-content\/uploads\/2023\/06\/pngegg-2-120x120.png 120w, https:\/\/parway.com.py\/cargo\/wp-content\/uploads\/2023\/06\/pngegg-2-840x840.png 840w, https:\/\/parway.com.py\/cargo\/wp-content\/uploads\/2023\/06\/pngegg-2-410x410.png 410w, https:\/\/parway.com.py\/cargo\/wp-content\/uploads\/2023\/06\/pngegg-2.png 1924w\" sizes=\"(max-width: 54px) 100vw, 54px\" \/><b>ESPA\u00d1A<\/b><br \/>\n<b>&#8211; Frecuencia de Salida: Sujeto a variaci\u00f3n.<\/b><\/p>\n<h2>Tarifas Vigentes.<\/h2>\n<h3><img loading=\"lazy\" decoding=\"async\" class=\"alignnone  wp-image-25627\" src=\"https:\/\/parway.com.py\/cargo\/wp-content\/uploads\/2023\/06\/pngegg-300x300.png\" alt=\"\" width=\"27\" height=\"27\" srcset=\"https:\/\/parway.com.py\/cargo\/wp-content\/uploads\/2023\/06\/pngegg-300x300.png 300w, https:\/\/parway.com.py\/cargo\/wp-content\/uploads\/2023\/06\/pngegg-150x150.png 150w, https:\/\/parway.com.py\/cargo\/wp-content\/uploads\/2023\/06\/pngegg-768x768.png 768w, https:\/\/parway.com.py\/cargo\/wp-content\/uploads\/2023\/06\/pngegg-370x370.png 370w, https:\/\/parway.com.py\/cargo\/wp-content\/uploads\/2023\/06\/pngegg-120x120.png 120w, https:\/\/parway.com.py\/cargo\/wp-content\/uploads\/2023\/06\/pngegg-410x410.png 410w, https:\/\/parway.com.py\/cargo\/wp-content\/uploads\/2023\/06\/pngegg.png 800w\" sizes=\"(max-width: 27px) 100vw, 27px\" \/> $22.50 USD<\/h3>\n<p>Por kg de USA a PY<\/p>\n<h3><img loading=\"lazy\" decoding=\"async\" class=\"alignnone  wp-image-25628\" src=\"https:\/\/parway.com.py\/cargo\/wp-content\/uploads\/2023\/06\/pngegg-1-300x297.png\" alt=\"\" width=\"30\" height=\"30\" srcset=\"https:\/\/parway.com.py\/cargo\/wp-content\/uploads\/2023\/06\/pngegg-1-300x297.png 300w, https:\/\/parway.com.py\/cargo\/wp-content\/uploads\/2023\/06\/pngegg-1-150x150.png 150w, https:\/\/parway.com.py\/cargo\/wp-content\/uploads\/2023\/06\/pngegg-1-370x370.png 370w, https:\/\/parway.com.py\/cargo\/wp-content\/uploads\/2023\/06\/pngegg-1-120x120.png 120w, https:\/\/parway.com.py\/cargo\/wp-content\/uploads\/2023\/06\/pngegg-1-410x406.png 410w, https:\/\/parway.com.py\/cargo\/wp-content\/uploads\/2023\/06\/pngegg-1.png 659w\" sizes=\"(max-width: 30px) 100vw, 30px\" \/> $37,50 USD | $17,00 USD por Volumen.<\/h3>\n<p>Por Kg de China a PY.<br \/>\nPara este origen cobramos el peso + el volumen de los env\u00edos.<\/p>\n<h3><img loading=\"lazy\" decoding=\"async\" class=\"alignnone  wp-image-25629\" src=\"https:\/\/parway.com.py\/cargo\/wp-content\/uploads\/2023\/06\/pngegg-2-300x300.png\" alt=\"\" width=\"31\" height=\"31\" srcset=\"https:\/\/parway.com.py\/cargo\/wp-content\/uploads\/2023\/06\/pngegg-2-300x300.png 300w, https:\/\/parway.com.py\/cargo\/wp-content\/uploads\/2023\/06\/pngegg-2-1024x1024.png 1024w, https:\/\/parway.com.py\/cargo\/wp-content\/uploads\/2023\/06\/pngegg-2-150x150.png 150w, https:\/\/parway.com.py\/cargo\/wp-content\/uploads\/2023\/06\/pngegg-2-768x768.png 768w, https:\/\/parway.com.py\/cargo\/wp-content\/uploads\/2023\/06\/pngegg-2-1536x1536.png 1536w, https:\/\/parway.com.py\/cargo\/wp-content\/uploads\/2023\/06\/pngegg-2-370x370.png 370w, https:\/\/parway.com.py\/cargo\/wp-content\/uploads\/2023\/06\/pngegg-2-120x120.png 120w, https:\/\/parway.com.py\/cargo\/wp-content\/uploads\/2023\/06\/pngegg-2-840x840.png 840w, https:\/\/parway.com.py\/cargo\/wp-content\/uploads\/2023\/06\/pngegg-2-410x410.png 410w, https:\/\/parway.com.py\/cargo\/wp-content\/uploads\/2023\/06\/pngegg-2.png 1924w\" sizes=\"(max-width: 31px) 100vw, 31px\" \/> $27,50 USD | $14,00 USD por Volumen.<\/h3>\n<p>Por kg de Espa\u00f1a a PY.<br \/>\nPara este origen cobramos el peso + el volumen de los env\u00edos.<\/p>\n","protected":false},"excerpt":{"rendered":"<p>Con Parway , puedes hacer tus env\u00edos a\u00e9reos de forma r\u00e1pida y segura. Te brindamos las mejores soluciones que se adaptan a todas tus necesidades incluso las m\u00e1s demandantes. Adem\u00e1s&hellip;<\/p>\n","protected":false},"author":1,"featured_media":0,"parent":0,"menu_order":0,"comment_status":"closed","ping_status":"closed","template":"","meta":{"footnotes":""},"class_list":["post-24735","page","type-page","status-publish","hentry"],"_links":{"self":[{"href":"https:\/\/parway.com.py\/cargo\/wp-json\/wp\/v2\/pages\/24735","targetHints":{"allow":["GET"]}}],"collection":[{"href":"https:\/\/parway.com.py\/cargo\/wp-json\/wp\/v2\/pages"}],"about":[{"href":"https:\/\/parway.com.py\/cargo\/wp-json\/wp\/v2\/types\/page"}],"author":[{"embeddable":true,"href":"https:\/\/parway.com.py\/cargo\/wp-json\/wp\/v2\/users\/1"}],"replies":[{"embeddable":true,"href":"https:\/\/parway.com.py\/cargo\/wp-json\/wp\/v2\/comments?post=24735"}],"version-history":[{"count":70,"href":"https:\/\/parway.com.py\/cargo\/wp-json\/wp\/v2\/pages\/24735\/revisions"}],"predecessor-version":[{"id":25634,"href":"https:\/\/parway.com.py\/cargo\/wp-json\/wp\/v2\/pages\/24735\/revisions\/25634"}],"wp:attachment":[{"href":"https:\/\/parway.com.py\/cargo\/wp-json\/wp\/v2\/media?parent=24735"}],"curies":[{"name":"wp","href":"https:\/\/api.w.org\/{rel}","templated":true}]}}