{"id":24737,"date":"2022-05-21T10:58:59","date_gmt":"2022-05-21T13:58:59","guid":{"rendered":"https:\/\/parway.com.py\/cargo\/?page_id=24737"},"modified":"2023-06-07T10:41:29","modified_gmt":"2023-06-07T13:41:29","slug":"envios-terrestres","status":"publish","type":"page","link":"https:\/\/parway.com.py\/cargo\/envios-terrestres\/","title":{"rendered":"ENV\u00cdOS TERRESTRES"},"content":{"rendered":"\n<h2 class=\"wp-block-heading\"><img fetchpriority=\"high\" decoding=\"async\" class=\"alignnone wp-image-25640 size-full\" src=\"https:\/\/parway.com.py\/cargo\/wp-content\/uploads\/2023\/06\/Envio-terrestre.png\" alt=\"\" width=\"1200\" height=\"480\" srcset=\"https:\/\/parway.com.py\/cargo\/wp-content\/uploads\/2023\/06\/Envio-terrestre.png 1200w, https:\/\/parway.com.py\/cargo\/wp-content\/uploads\/2023\/06\/Envio-terrestre-300x120.png 300w, https:\/\/parway.com.py\/cargo\/wp-content\/uploads\/2023\/06\/Envio-terrestre-1024x410.png 1024w, https:\/\/parway.com.py\/cargo\/wp-content\/uploads\/2023\/06\/Envio-terrestre-768x307.png 768w, https:\/\/parway.com.py\/cargo\/wp-content\/uploads\/2023\/06\/Envio-terrestre-370x148.png 370w, https:\/\/parway.com.py\/cargo\/wp-content\/uploads\/2023\/06\/Envio-terrestre-840x336.png 840w, https:\/\/parway.com.py\/cargo\/wp-content\/uploads\/2023\/06\/Envio-terrestre-410x164.png 410w\" sizes=\"(max-width: 1200px) 100vw, 1200px\" \/><\/h2>\n\n\n\n<h2 class=\"wp-block-heading\">Cubrimos todo el territorio nacional.<\/h2>\n\n\n\n<p>Nuestro servicio terrestre se encuentra habilitado para los env\u00edos desde los or\u00edgenes:&nbsp;<\/p>\n\n\n\n<ul class=\"wp-block-list\">\n<li>BRASIL.<\/li>\n\n\n\n<li>ARGENTINA.<\/li>\n<\/ul>\n\n\n\n<p>Los env\u00edos son cobramos por el peso del paquete, m\u00ednimo de transporte 0,200 gramos.<\/p>\n\n\n\n<div class=\"wp-block-columns is-layout-flex wp-container-core-columns-is-layout-9d6595d7 wp-block-columns-is-layout-flex\">\n<div class=\"wp-block-column is-layout-flow wp-block-column-is-layout-flow\">\n<h3 class=\"wp-block-heading\"><img decoding=\"async\" width=\"40\" height=\"40\" class=\"wp-image-25642\" style=\"width: 40px;\" src=\"https:\/\/parway.com.py\/cargo\/wp-content\/uploads\/2023\/06\/pngegg-3.png\" alt=\"\" srcset=\"https:\/\/parway.com.py\/cargo\/wp-content\/uploads\/2023\/06\/pngegg-3.png 596w, https:\/\/parway.com.py\/cargo\/wp-content\/uploads\/2023\/06\/pngegg-3-300x300.png 300w, https:\/\/parway.com.py\/cargo\/wp-content\/uploads\/2023\/06\/pngegg-3-150x150.png 150w, https:\/\/parway.com.py\/cargo\/wp-content\/uploads\/2023\/06\/pngegg-3-370x370.png 370w, https:\/\/parway.com.py\/cargo\/wp-content\/uploads\/2023\/06\/pngegg-3-120x120.png 120w, https:\/\/parway.com.py\/cargo\/wp-content\/uploads\/2023\/06\/pngegg-3-410x410.png 410w\" sizes=\"(max-width: 40px) 100vw, 40px\" \/> <strong>OFICINA DE BRASIL.<\/strong><\/h3>\n\n\n\n<ul class=\"wp-block-list\">\n<li>FRECUENCIA DE SALIDA:  1 vez por semana.<\/li>\n<\/ul>\n\n\n\n<ul class=\"wp-block-list\">\n<li>TRANSITO:  8 Dias.<\/li>\n<\/ul>\n\n\n\n<ul class=\"wp-block-list\">\n<li>TARIFA: $ 15.00 USD por KG.<\/li>\n<\/ul>\n\n\n\n<ul class=\"wp-block-list\">\n<li>OTRAS ESPECIFICACIONES: Para compras de Brasil es necesario contar con CPF. si la compra la realizamos nosotros, el costo de comisi\u00f3n es 15% sobre el valor total de la compra. No se cobra volumen.<\/li>\n<\/ul>\n<\/div>\n\n\n\n<div class=\"wp-block-column is-layout-flow wp-block-column-is-layout-flow\">\n<h3 class=\"wp-block-heading\"><img decoding=\"async\" width=\"64\" height=\"48\" class=\"wp-image-25643\" style=\"width: 64px;\" src=\"https:\/\/parway.com.py\/cargo\/wp-content\/uploads\/2023\/06\/pngegg-4.png\" alt=\"\" srcset=\"https:\/\/parway.com.py\/cargo\/wp-content\/uploads\/2023\/06\/pngegg-4.png 640w, https:\/\/parway.com.py\/cargo\/wp-content\/uploads\/2023\/06\/pngegg-4-300x225.png 300w, https:\/\/parway.com.py\/cargo\/wp-content\/uploads\/2023\/06\/pngegg-4-370x278.png 370w, https:\/\/parway.com.py\/cargo\/wp-content\/uploads\/2023\/06\/pngegg-4-410x308.png 410w\" sizes=\"(max-width: 64px) 100vw, 64px\" \/><strong>OFICINA DE ARGENTINA.<\/strong><\/h3>\n\n\n\n<ul class=\"wp-block-list\">\n<li>FRECUENCIA DE SALIDA: Sujeto a Variaci\u00f3n &#8211; Consultar.<\/li>\n<\/ul>\n\n\n\n<ul class=\"wp-block-list\">\n<li>TRANSITO: 8 Dias.<\/li>\n<\/ul>\n\n\n\n<ul class=\"wp-block-list\">\n<li>TARIFA: $ 19.00 USD por KG.<\/li>\n<\/ul>\n\n\n\n<ul class=\"wp-block-list\">\n<li>OTRAS ESPECIFICACIONES: Para compras de Argentina es necesario contar con DNI. si la compra la realizamos nosotros, el costo de comisi\u00f3n es 15% sobre el valor total de la compra. No se cobra volumen.<\/li>\n<\/ul>\n<\/div>\n<\/div>\n","protected":false},"excerpt":{"rendered":"<p>Cubrimos todo el territorio nacional. Nuestro servicio terrestre se encuentra habilitado para los env\u00edos desde los or\u00edgenes:&nbsp; Los env\u00edos son cobramos por el peso del paquete, m\u00ednimo de transporte 0,200&hellip;<\/p>\n","protected":false},"author":1,"featured_media":0,"parent":0,"menu_order":0,"comment_status":"closed","ping_status":"closed","template":"","meta":{"footnotes":""},"class_list":["post-24737","page","type-page","status-publish","hentry"],"_links":{"self":[{"href":"https:\/\/parway.com.py\/cargo\/wp-json\/wp\/v2\/pages\/24737","targetHints":{"allow":["GET"]}}],"collection":[{"href":"https:\/\/parway.com.py\/cargo\/wp-json\/wp\/v2\/pages"}],"about":[{"href":"https:\/\/parway.com.py\/cargo\/wp-json\/wp\/v2\/types\/page"}],"author":[{"embeddable":true,"href":"https:\/\/parway.com.py\/cargo\/wp-json\/wp\/v2\/users\/1"}],"replies":[{"embeddable":true,"href":"https:\/\/parway.com.py\/cargo\/wp-json\/wp\/v2\/comments?post=24737"}],"version-history":[{"count":27,"href":"https:\/\/parway.com.py\/cargo\/wp-json\/wp\/v2\/pages\/24737\/revisions"}],"predecessor-version":[{"id":25658,"href":"https:\/\/parway.com.py\/cargo\/wp-json\/wp\/v2\/pages\/24737\/revisions\/25658"}],"wp:attachment":[{"href":"https:\/\/parway.com.py\/cargo\/wp-json\/wp\/v2\/media?parent=24737"}],"curies":[{"name":"wp","href":"https:\/\/api.w.org\/{rel}","templated":true}]}}