{"id":24739,"date":"2022-05-21T10:59:57","date_gmt":"2022-05-21T13:59:57","guid":{"rendered":"https:\/\/parway.com.py\/cargo\/?page_id=24739"},"modified":"2023-06-06T19:29:09","modified_gmt":"2023-06-06T22:29:09","slug":"envio-maritimo","status":"publish","type":"page","link":"https:\/\/parway.com.py\/cargo\/envio-maritimo\/","title":{"rendered":"ENV\u00cdO MAR\u00cdTIMO"},"content":{"rendered":"<p><img fetchpriority=\"high\" decoding=\"async\" class=\"wp-image-25648  aligncenter\" src=\"https:\/\/parway.com.py\/cargo\/wp-content\/uploads\/2023\/06\/Envio-maritimo.png\" alt=\"\" width=\"1215\" height=\"486\" srcset=\"https:\/\/parway.com.py\/cargo\/wp-content\/uploads\/2023\/06\/Envio-maritimo.png 1200w, https:\/\/parway.com.py\/cargo\/wp-content\/uploads\/2023\/06\/Envio-maritimo-300x120.png 300w, https:\/\/parway.com.py\/cargo\/wp-content\/uploads\/2023\/06\/Envio-maritimo-1024x410.png 1024w, https:\/\/parway.com.py\/cargo\/wp-content\/uploads\/2023\/06\/Envio-maritimo-768x307.png 768w, https:\/\/parway.com.py\/cargo\/wp-content\/uploads\/2023\/06\/Envio-maritimo-370x148.png 370w, https:\/\/parway.com.py\/cargo\/wp-content\/uploads\/2023\/06\/Envio-maritimo-840x336.png 840w, https:\/\/parway.com.py\/cargo\/wp-content\/uploads\/2023\/06\/Envio-maritimo-410x164.png 410w\" sizes=\"(max-width: 1215px) 100vw, 1215px\" \/><\/p>\n<p>Con Parway Cargo, puedes hacer tus env\u00edos mar\u00edtimos de manera segura.<\/p>\n<p>Te brindamos las mejores soluciones que se adaptan a todas tus necesidades incluso las m\u00e1s demandantes.<\/p>\n<p>Adem\u00e1s con nosotros puedes hacer tus env\u00edos desde varias partes del mundo como ser\u00a0<strong>USA\u00a0<\/strong>,<strong>\u00a0Espa\u00f1a y<\/strong>\u00a0<strong>China.<\/strong><\/p>\n<h5>Conoce m\u00e1s acerca de nuestro servicio.<\/h5>\n<ul>\n<li>Documentaci\u00f3n y despacho<\/li>\n<li>Servicio de env\u00edo prepagado desde origen a Asunci\u00f3n<\/li>\n<li>Recepci\u00f3n de cargas en las oficinas de USA, Espa\u00f1a y China<\/li>\n<li>Cargas personales y comerciales<\/li>\n<li>Cargas en contenedores y carga suelta<\/li>\n<li>Cargas sin l\u00edmite de tama\u00f1o o peso<\/li>\n<\/ul>\n<h4>Importante.<\/h4>\n<p style=\"text-align: left;\">Para las cargas mar\u00edtimas el paquete deber\u00e1\u00a0llegar con la palabra MAR seguido del n\u00famero de casilla.<\/p>\n<ul style=\"text-align: left;\">\n<li>Podes indicar en tu direcci\u00f3n de env\u00edo (Primer nombre, primer apellido, tu n\u00famero de casilla seguido de la palabra MAR)<br \/>\n&#8211; <strong><em>Ejemplo: Juan Gonzalez 1234AS-MAR<\/em><\/strong><\/li>\n<li>Tambi\u00e9n podes\u00a0indicar a tu proveedor que pueda colocar con alg\u00fan marcador en un lugar legible del paquete la palabra MAR<\/li>\n<li>Debes notificar v\u00eda email a maritimo@parway.com.py facilitando el tracking del paquete m\u00e1s la orden de compra (detalle del pedido) antes de que el paquete llegue a la Warehouse de recepci\u00f3n.<\/li>\n<\/ul>\n<p style=\"text-align: left;\"><strong>*Esta especificaci\u00f3n se debe aplicar a\u00a0<i>todos los or\u00edgenes v\u00eda mar\u00edtima<\/i><\/strong><\/p>\n<p style=\"text-align: left;\"><strong><i>**En el caso de que la carga llegue sin la debida identificaci\u00f3n y no haya sido notificado al email con anterioridad la misma ser\u00e1\u00a0embarcada v\u00eda a\u00e9rea.<\/i><\/strong><\/p>\n<p style=\"text-align: left;\"><strong>Este paso es importante para que el env\u00edo se env\u00ede por el medio correcto y evitar sea enviado v\u00eda a\u00e9rea.<\/strong><\/p>\n<ul>\n<li style=\"text-align: left;\"><strong>M\u00ednimo de transporte: 2KG<\/strong><\/li>\n<\/ul>\n<p style=\"text-align: left;\">Cualquier consulta enviar a carga@parway.com.py<\/p>\n","protected":false},"excerpt":{"rendered":"<p>Con Parway Cargo, puedes hacer tus env\u00edos mar\u00edtimos de manera segura. Te brindamos las mejores soluciones que se adaptan a todas tus necesidades incluso las m\u00e1s demandantes. Adem\u00e1s con nosotros&hellip;<\/p>\n","protected":false},"author":1,"featured_media":0,"parent":0,"menu_order":0,"comment_status":"closed","ping_status":"closed","template":"","meta":{"footnotes":""},"class_list":["post-24739","page","type-page","status-publish","hentry"],"_links":{"self":[{"href":"https:\/\/parway.com.py\/cargo\/wp-json\/wp\/v2\/pages\/24739","targetHints":{"allow":["GET"]}}],"collection":[{"href":"https:\/\/parway.com.py\/cargo\/wp-json\/wp\/v2\/pages"}],"about":[{"href":"https:\/\/parway.com.py\/cargo\/wp-json\/wp\/v2\/types\/page"}],"author":[{"embeddable":true,"href":"https:\/\/parway.com.py\/cargo\/wp-json\/wp\/v2\/users\/1"}],"replies":[{"embeddable":true,"href":"https:\/\/parway.com.py\/cargo\/wp-json\/wp\/v2\/comments?post=24739"}],"version-history":[{"count":13,"href":"https:\/\/parway.com.py\/cargo\/wp-json\/wp\/v2\/pages\/24739\/revisions"}],"predecessor-version":[{"id":25659,"href":"https:\/\/parway.com.py\/cargo\/wp-json\/wp\/v2\/pages\/24739\/revisions\/25659"}],"wp:attachment":[{"href":"https:\/\/parway.com.py\/cargo\/wp-json\/wp\/v2\/media?parent=24739"}],"curies":[{"name":"wp","href":"https:\/\/api.w.org\/{rel}","templated":true}]}}