{"id":24741,"date":"2022-05-21T11:00:51","date_gmt":"2022-05-21T14:00:51","guid":{"rendered":"https:\/\/parway.com.py\/cargo\/?page_id=24741"},"modified":"2023-06-07T10:02:23","modified_gmt":"2023-06-07T13:02:23","slug":"servicio-de-express","status":"publish","type":"page","link":"https:\/\/parway.com.py\/cargo\/servicio-de-express\/","title":{"rendered":"SERVICIO DE EXPRESS"},"content":{"rendered":"<p><img fetchpriority=\"high\" decoding=\"async\" class=\"alignnone wp-image-25637 size-full\" src=\"https:\/\/parway.com.py\/cargo\/wp-content\/uploads\/2023\/06\/Parway-Express.png\" alt=\"\" width=\"1200\" height=\"480\" srcset=\"https:\/\/parway.com.py\/cargo\/wp-content\/uploads\/2023\/06\/Parway-Express.png 1200w, https:\/\/parway.com.py\/cargo\/wp-content\/uploads\/2023\/06\/Parway-Express-300x120.png 300w, https:\/\/parway.com.py\/cargo\/wp-content\/uploads\/2023\/06\/Parway-Express-1024x410.png 1024w, https:\/\/parway.com.py\/cargo\/wp-content\/uploads\/2023\/06\/Parway-Express-768x307.png 768w, https:\/\/parway.com.py\/cargo\/wp-content\/uploads\/2023\/06\/Parway-Express-370x148.png 370w, https:\/\/parway.com.py\/cargo\/wp-content\/uploads\/2023\/06\/Parway-Express-840x336.png 840w, https:\/\/parway.com.py\/cargo\/wp-content\/uploads\/2023\/06\/Parway-Express-410x164.png 410w\" sizes=\"(max-width: 1200px) 100vw, 1200px\" \/><\/p>\n<h6>Recib\u00ed tus paquetes en la puerta de tu casa u oficina con nuestro servicio de Delivery.<\/h6>\n<h6>\u00bfC\u00f3mo realizar el pedido?<\/h6>\n<p>Agenda la entrega de tus paquetes disponibles via email a: <strong>express@parway.com.py<\/strong><\/p>\n<p>Ind\u00edcanos los siguientes datos:<\/p>\n<ul>\n<li>N\u00b0 de casilla:<\/li>\n<li>Direcci\u00f3n de entrega:<\/li>\n<li>Ciudad:<\/li>\n<li>N\u00famero de contacto:<\/li>\n<li>RUC:<\/li>\n<\/ul>\n<p>Tambi\u00e9n lo puedes realizar v\u00eda WhatsApp al siguiente numero habilitado para agendamientos: +595986 129 795<\/p>\n<h6><strong>Ten en cuenta los siguientes puntos:<\/strong><\/h6>\n<ul>\n<li>Env\u00edas tu pedido de entrega a express@parway.com.py antes de las 15:00 hs y al d\u00eda siguiente te entregaran tu paquete!<br \/>\n(algunas zonas pueden requerir 48 horas de entrega).<\/li>\n<li>Si deseas pagar con tarjeta debes realizar el pago online antes de solicitar el delivery o en efectivo al chofer designado.<\/li>\n<li>Los precios son por entrega y el total del tama\u00f1o de la entrega no puede sobrepasar los 100 cms (LARGO + ALTO + ANCHO), para entregas de mayor tama\u00f1o tendr\u00e1 un recargo en el precio y podes solicitar cotizaci\u00f3n a <strong>express@parway.com.py<\/strong><\/li>\n<li>Debes darnos un horario y datos de contacto, si la persona que recibe no es la propietaria de la casilla debes proveer los datos correctos para autorizarlo\/a.<\/li>\n<li>Las tarifas se dividen en entregas menores a 2 kilos a mayores a 2 kilos.<\/li>\n<\/ul>\n<p>NO OLVIDES QUE LAS TARIFAS SON POR ENTREGA.<\/p>\n<h6>AREA DE COBERTURA.<\/h6>\n<p><img decoding=\"async\" src=\"https:\/\/parway.com.py\/cargo\/wp-content\/uploads\/2022\/05\/Capture.png\" sizes=\"(max-width: 600px) 100vw, 386px\" srcset=\"https:\/\/parway.com.py\/cargo\/wp-content\/uploads\/2022\/05\/Capture.png 386w, https:\/\/parway.com.py\/cargo\/wp-content\/uploads\/2022\/05\/Capture-276x300.png 276w, https:\/\/parway.com.py\/cargo\/wp-content\/uploads\/2022\/05\/Capture-370x403.png 370w\" alt=\"\" width=\"386\" height=\"420\" \/><\/p>\n","protected":false},"excerpt":{"rendered":"<p>Recib\u00ed tus paquetes en la puerta de tu casa u oficina con nuestro servicio de Delivery. \u00bfC\u00f3mo realizar el pedido? Agenda la entrega de tus paquetes disponibles via email a:&hellip;<\/p>\n","protected":false},"author":1,"featured_media":0,"parent":0,"menu_order":0,"comment_status":"closed","ping_status":"closed","template":"","meta":{"footnotes":""},"class_list":["post-24741","page","type-page","status-publish","hentry"],"_links":{"self":[{"href":"https:\/\/parway.com.py\/cargo\/wp-json\/wp\/v2\/pages\/24741","targetHints":{"allow":["GET"]}}],"collection":[{"href":"https:\/\/parway.com.py\/cargo\/wp-json\/wp\/v2\/pages"}],"about":[{"href":"https:\/\/parway.com.py\/cargo\/wp-json\/wp\/v2\/types\/page"}],"author":[{"embeddable":true,"href":"https:\/\/parway.com.py\/cargo\/wp-json\/wp\/v2\/users\/1"}],"replies":[{"embeddable":true,"href":"https:\/\/parway.com.py\/cargo\/wp-json\/wp\/v2\/comments?post=24741"}],"version-history":[{"count":51,"href":"https:\/\/parway.com.py\/cargo\/wp-json\/wp\/v2\/pages\/24741\/revisions"}],"predecessor-version":[{"id":25654,"href":"https:\/\/parway.com.py\/cargo\/wp-json\/wp\/v2\/pages\/24741\/revisions\/25654"}],"wp:attachment":[{"href":"https:\/\/parway.com.py\/cargo\/wp-json\/wp\/v2\/media?parent=24741"}],"curies":[{"name":"wp","href":"https:\/\/api.w.org\/{rel}","templated":true}]}}