{"id":24891,"date":"2022-05-22T11:24:48","date_gmt":"2022-05-22T14:24:48","guid":{"rendered":"https:\/\/parway.com.py\/cargo\/?page_id=24891"},"modified":"2022-05-22T13:37:09","modified_gmt":"2022-05-22T16:37:09","slug":"gestiones-aduanales","status":"publish","type":"page","link":"https:\/\/parway.com.py\/cargo\/gestiones-aduanales\/","title":{"rendered":"Gestiones Aduanales"},"content":{"rendered":"\t\t<div data-elementor-type=\"wp-page\" data-elementor-id=\"24891\" class=\"elementor elementor-24891\">\n\t\t\t\t\t\t<section class=\"elementor-section elementor-top-section elementor-element elementor-element-b28328b elementor-section-boxed elementor-section-height-default elementor-section-height-default sc_fly_static\" data-id=\"b28328b\" data-element_type=\"section\">\n\t\t\t\t\t\t<div class=\"elementor-container elementor-column-gap-extended\">\n\t\t\t\t\t<div class=\"elementor-column elementor-col-66 elementor-top-column elementor-element elementor-element-adc1ba3 sc_inner_width_none sc_content_align_inherit sc_layouts_column_icons_position_left sc_fly_static\" data-id=\"adc1ba3\" data-element_type=\"column\">\n\t\t\t<div class=\"elementor-widget-wrap elementor-element-populated\">\n\t\t\t\t\t\t<div class=\"elementor-element elementor-element-14110e6 sc_fly_static elementor-widget elementor-widget-text-editor\" data-id=\"14110e6\" data-element_type=\"widget\" data-widget_type=\"text-editor.default\">\n\t\t\t\t<div class=\"elementor-widget-container\">\n\t\t\t\t\t\t\t\t\t<p align=\"justify\">La r\u00e1pida y solida representaci\u00f3n que usted merece, la recibe de nuestro equipo de profesionales, con m\u00e1s de 40 a\u00f1os de servicio, conocemos las leyes aduanales y todos los requisitos que facilitaran su gesti\u00f3n en: Tr\u00e1mites aduanales, permisos de importaci\u00f3n y exportaci\u00f3n. Certificaciones avalan nuestro compromiso de servicio personalizado, operando en los principales puertos y aeropuertos Dominicanos cubriendo todo el pa\u00eds.<\/p><p align=\"justify\">Nuestra mejor oferta de servicio est\u00e1 en el cumplimiento de todas las normativas y actos necesarios para la operaci\u00f3n aduanera. Condici\u00f3n que nos vali\u00f3 el reconocimiento por distintas asociaciones por nuestro desempe\u00f1o y alta calificaci\u00f3n en el proceso de importaci\u00f3n y exportaci\u00f3n de mercanc\u00edas, ocupando hoy en d\u00eda uno de los lugares m\u00e1s reputados como agentes aduaneros.<\/p><p align=\"justify\">Hemos estado presentes para ofrecer un servicio eficaz, flexible y emprendedor como esos grandes niveles de producci\u00f3n necesitan para hacer llegar a su destino la materia prima o el producto final<\/p>\t\t\t\t\t\t\t\t<\/div>\n\t\t\t\t<\/div>\n\t\t\t\t\t<\/div>\n\t\t<\/div>\n\t\t\t\t<div class=\"elementor-column elementor-col-33 elementor-top-column elementor-element elementor-element-ffee693 sc_inner_width_none sc_content_align_inherit sc_layouts_column_icons_position_left sc_fly_static\" data-id=\"ffee693\" data-element_type=\"column\">\n\t\t\t<div class=\"elementor-widget-wrap elementor-element-populated\">\n\t\t\t\t\t\t<div class=\"elementor-element elementor-element-b421ec6 sc_fly_static elementor-widget elementor-widget-image\" data-id=\"b421ec6\" data-element_type=\"widget\" data-widget_type=\"image.default\">\n\t\t\t\t<div class=\"elementor-widget-container\">\n\t\t\t\t\t\t\t\t\t\t\t\t\t\t\t<img decoding=\"async\" width=\"195\" height=\"190\" src=\"https:\/\/parway.com.py\/cargo\/wp-content\/uploads\/2022\/05\/der.jpg\" class=\"attachment-large size-large wp-image-24894\" alt=\"\" \/>\t\t\t\t\t\t\t\t\t\t\t\t\t\t\t<\/div>\n\t\t\t\t<\/div>\n\t\t\t\t\t<\/div>\n\t\t<\/div>\n\t\t\t\t\t<\/div>\n\t\t<\/section>\n\t\t\t\t<section class=\"elementor-section elementor-top-section elementor-element elementor-element-1f76d41 elementor-section-boxed elementor-section-height-default elementor-section-height-default sc_fly_static\" data-id=\"1f76d41\" data-element_type=\"section\">\n\t\t\t\t\t\t<div class=\"elementor-container elementor-column-gap-extended\">\n\t\t\t\t\t<div class=\"elementor-column elementor-col-100 elementor-top-column elementor-element elementor-element-1799e21 sc_inner_width_none sc_content_align_inherit sc_layouts_column_icons_position_left sc_fly_static\" data-id=\"1799e21\" data-element_type=\"column\">\n\t\t\t<div class=\"elementor-widget-wrap elementor-element-populated\">\n\t\t\t\t\t\t<div class=\"elementor-element elementor-element-d4697a2 sc_fly_static elementor-widget elementor-widget-spacer\" data-id=\"d4697a2\" data-element_type=\"widget\" data-widget_type=\"spacer.default\">\n\t\t\t\t<div class=\"elementor-widget-container\">\n\t\t\t\t\t\t\t<div class=\"elementor-spacer\">\n\t\t\t<div class=\"elementor-spacer-inner\"><\/div>\n\t\t<\/div>\n\t\t\t\t\t\t<\/div>\n\t\t\t\t<\/div>\n\t\t\t\t\t<\/div>\n\t\t<\/div>\n\t\t\t\t\t<\/div>\n\t\t<\/section>\n\t\t\t\t<\/div>\n\t\t","protected":false},"excerpt":{"rendered":"<p>La r\u00e1pida y solida representaci\u00f3n que usted merece, la recibe de nuestro equipo de profesionales, con m\u00e1s de 40 a\u00f1os de servicio, conocemos las leyes aduanales y todos los requisitos&hellip;<\/p>\n","protected":false},"author":1,"featured_media":0,"parent":0,"menu_order":0,"comment_status":"closed","ping_status":"closed","template":"","meta":{"footnotes":""},"class_list":["post-24891","page","type-page","status-publish","hentry"],"_links":{"self":[{"href":"https:\/\/parway.com.py\/cargo\/wp-json\/wp\/v2\/pages\/24891","targetHints":{"allow":["GET"]}}],"collection":[{"href":"https:\/\/parway.com.py\/cargo\/wp-json\/wp\/v2\/pages"}],"about":[{"href":"https:\/\/parway.com.py\/cargo\/wp-json\/wp\/v2\/types\/page"}],"author":[{"embeddable":true,"href":"https:\/\/parway.com.py\/cargo\/wp-json\/wp\/v2\/users\/1"}],"replies":[{"embeddable":true,"href":"https:\/\/parway.com.py\/cargo\/wp-json\/wp\/v2\/comments?post=24891"}],"version-history":[{"count":5,"href":"https:\/\/parway.com.py\/cargo\/wp-json\/wp\/v2\/pages\/24891\/revisions"}],"predecessor-version":[{"id":24948,"href":"https:\/\/parway.com.py\/cargo\/wp-json\/wp\/v2\/pages\/24891\/revisions\/24948"}],"wp:attachment":[{"href":"https:\/\/parway.com.py\/cargo\/wp-json\/wp\/v2\/media?parent=24891"}],"curies":[{"name":"wp","href":"https:\/\/api.w.org\/{rel}","templated":true}]}}